{"id":1940,"date":"2015-12-02T10:51:51","date_gmt":"2015-12-02T10:51:51","guid":{"rendered":"http:\/\/theme-fusion.com\/avada\/university\/?page_id=9"},"modified":"2025-02-19T18:05:00","modified_gmt":"2025-02-19T18:05:00","slug":"about-us","status":"publish","type":"page","link":"https:\/\/www.gseducativas.com\/es\/about-us\/","title":{"rendered":"Nosotros"},"content":{"rendered":"<p><div class=\"fusion-fullwidth fullwidth-box fusion-builder-row-1 nonhundred-percent-fullwidth non-hundred-percent-height-scrolling\" style=\"--awb-background-position:left top;--awb-border-sizes-top:0px;--awb-border-sizes-bottom:0px;--awb-border-sizes-left:0px;--awb-border-sizes-right:0px;--awb-border-radius-top-left:0px;--awb-border-radius-top-right:0px;--awb-border-radius-bottom-right:0px;--awb-border-radius-bottom-left:0px;--awb-padding-top:90px;--awb-padding-right:0%;--awb-padding-bottom:50px;--awb-padding-left:0%;--awb-flex-wrap:wrap;\" ><div class=\"fusion-builder-row fusion-row\"><div class=\"fusion-layout-column fusion_builder_column fusion-builder-column-0 fusion_builder_column_1_6 1_6 fusion-one-sixth fusion-column-first fusion-no-small-visibility\" style=\"--awb-bg-size:cover;width:13.3333%; margin-right: 4%;\"><div class=\"fusion-column-wrapper fusion-flex-column-wrapper-legacy\"><div class=\"fusion-title title fusion-title-1 fusion-sep-none fusion-title-text fusion-title-size-one\" style=\"--awb-margin-top-small:0px;--awb-margin-right-small:0px;--awb-margin-bottom-small:20px;--awb-margin-left-small:0px;\"><h1 class=\"fusion-title-heading title-heading-left fusion-responsive-typography-calculated\" style=\"margin:0;--fontSize:54;line-height:1.16;\"><span style=\"color: #ffffff;\">Nosotros<\/span><\/h1><\/div><div class=\"fusion-clearfix\"><\/div><\/div><\/div><div class=\"fusion-layout-column fusion_builder_column fusion-builder-column-1 fusion_builder_column_2_3 2_3 fusion-two-third\" style=\"--awb-bg-size:cover;--awb-margin-bottom:30px;width:65.3333%; margin-right: 4%;\"><div class=\"fusion-column-wrapper fusion-column-has-shadow fusion-flex-column-wrapper-legacy\"><div class=\"fusion-image-element fusion-image-align-center in-legacy-container\" style=\"text-align:center;--awb-caption-title-font-family:var(--h2_typography-font-family);--awb-caption-title-font-weight:var(--h2_typography-font-weight);--awb-caption-title-font-style:var(--h2_typography-font-style);--awb-caption-title-size:var(--h2_typography-font-size);--awb-caption-title-transform:var(--h2_typography-text-transform);--awb-caption-title-line-height:var(--h2_typography-line-height);--awb-caption-title-letter-spacing:var(--h2_typography-letter-spacing);\"><div class=\"imageframe-align-center\"><span class=\"fusion-imageframe imageframe-none imageframe-1 hover-type-zoomin\"><a class=\"fusion-no-lightbox\" href=\"https:\/\/www.gseducativas.com\/es\/\" target=\"_blank\" aria-label=\"Casual colleagues putting hands together in the office\" rel=\"noopener noreferrer\"><img decoding=\"async\" width=\"600\" height=\"400\" alt=\"About US\" src=\"http:\/\/www.gseducativas.com\/wp-content\/uploads\/2020\/04\/33508-about-600x400.jpg\" class=\"img-responsive wp-image-3071\" srcset=\"https:\/\/www.gseducativas.com\/wp-content\/uploads\/2020\/04\/33508-about-200x133.jpg 200w, https:\/\/www.gseducativas.com\/wp-content\/uploads\/2020\/04\/33508-about-400x267.jpg 400w, https:\/\/www.gseducativas.com\/wp-content\/uploads\/2020\/04\/33508-about-600x400.jpg 600w, https:\/\/www.gseducativas.com\/wp-content\/uploads\/2020\/04\/33508-about-800x534.jpg 800w, https:\/\/www.gseducativas.com\/wp-content\/uploads\/2020\/04\/33508-about.jpg 1000w\" sizes=\"(max-width: 1000px) 100vw, 800px\" \/><\/a><\/span><\/div><\/div><div class=\"fusion-sep-clear\"><\/div><div class=\"fusion-separator fusion-full-width-sep\" style=\"margin-left: auto;margin-right: auto;margin-top:40px;width:100%;\"><\/div><div class=\"fusion-sep-clear\"><\/div><div class=\"fusion-text fusion-text-1\" style=\"--awb-text-font-family:Arial, Helvetica, sans-serif;--awb-text-font-style:normal;--awb-text-font-weight:400;\"><h2 class=\"fusion-responsive-typography-calculated\" style=\"text-align: center; font-family: Roboto; font-weight: 600; --fontsize: 43; line-height: 1.2;\" data-fusion-font=\"true\" data-fusion-google-font=\"Roboto\" data-fusion-google-variant=\"600\" data-fontsize=\"43\" data-lineheight=\"51.6px\">Amamos lo que hacemos - Amamos los retos<\/h2>\n<\/div><div class=\"fusion-text fusion-text-2\" style=\"--awb-user-select:all;--awb-text-font-family:Arial, Helvetica, sans-serif;--awb-text-font-style:normal;--awb-text-font-weight:400;\"><p style=\"text-align: center; font-family: Roboto; font-weight: 400;\" data-fusion-font=\"true\" data-fusion-google-font=\"Roboto\" data-fusion-google-variant=\"400\">Pensamos que amando lo que hacemos, estando totalmente en sinton\u00eda con los objetivos y contando con las herramientas adecuadas, no hay reto que no podamos lograr.<\/p>\n<\/div><div class=\"fusion-sep-clear\"><\/div><div class=\"fusion-separator\" style=\"margin-left: auto;margin-right: auto;margin-top:15px;margin-bottom:35px;width:100%;max-width:170px;\"><div class=\"fusion-separator-border sep-single sep-solid\" style=\"--awb-height:20px;--awb-amount:20px;--awb-sep-color:#ef9a3d;border-color:#ef9a3d;border-top-width:1px;\"><\/div><\/div><div class=\"fusion-sep-clear\"><\/div><div class=\"fusion-text fusion-text-3\" style=\"--awb-text-transform:none;\"><h2 style=\"text-align: center; --fontSize: 43; line-height: 1.2;\" data-fontsize=\"43\" data-lineheight=\"51.6px\" class=\"fusion-responsive-typography-calculated\"><span style=\"color: rgb(255, 255, 255); font-family: Roboto; font-weight: 600;\" data-fusion-font=\"true\" data-fusion-google-font=\"Roboto\" data-fusion-google-variant=\"600\">What about us:<\/span><\/h2>\n<p style=\"text-align: center;\"><span data-fusion-font=\"true\" data-fusion-google-font=\"Roboto\" data-fusion-google-variant=\"400\" style=\"font-family: Roboto;\"><span data-fusion-font=\"true\" data-fusion-google-font=\"Roboto\" data-fusion-google-variant=\"600\" style=\"font-weight: 600; font-family: Roboto;\">Grupo Soluciones Educativas <\/span><span data-fusion-font=\"true\" data-fusion-google-font=\"Roboto\" data-fusion-google-variant=\"600\" style=\"font-family: Roboto;\">est\u00e1 conformada por un e<\/span>quipo heterog\u00e9neo de so\u00f1adores y visionarios con amplia experiencia en diferentes disciplinas, tales como an\u00e1lisis, dise\u00f1o y desarrollo de plataformas y aplicaciones web, implementaci\u00f3n, soporte, ventas y mercadeo de dichas plataformas y aplicaciones.<\/span><br \/><span data-fusion-font=\"true\" data-fusion-google-font=\"IBM Plex Sans\" data-fusion-google-variant=\"400\" style=\"font-family: 'IBM Plex Sans'; font-weight: 400;\"><br \/><span data-fusion-font=\"true\" data-fusion-google-font=\"Roboto\" data-fusion-google-variant=\"400\" style=\"font-family: Roboto; font-weight: 400;\"><br \/>\nNuestro equipo se caracteriza por la uni\u00f3n basada en la visi\u00f3n de crear una plataforma para gestionar todas las \u00e1reas de una escuela, incluyendo sus \u00e1reas administrativas y acad\u00e9micas, con base en nuestros prop\u00f3sitos iniciales, trabajamos incansablemente para satisfacer los requerimientos de cada uno de nuestros clientes y hacer realidad esta visi\u00f3n.<\/span><\/span><br \/><span data-fusion-font=\"true\" data-fusion-google-font=\"IBM Plex Sans\" data-fusion-google-variant=\"400\" style=\"font-family: 'IBM Plex Sans'; font-weight: 400;\"><br \/><span data-fusion-font=\"true\" data-fusion-google-font=\"Roboto\" data-fusion-google-variant=\"400\" style=\"font-family: Roboto; font-weight: 400;\"><br \/>\nLa suma de nuestra visi\u00f3n, motivados y apoyados por el giro que la tecnolog\u00eda ha dado a la educaci\u00f3n, hemos desarrollado y creado SEDUCA, la plataforma que integra y mejora todos los procesos de cualquier colegio o centro educativo.<\/span><\/span><\/p>\n<\/div><div class=\"fusion-clearfix\"><\/div><\/div><\/div><div class=\"fusion-layout-column fusion_builder_column fusion-builder-column-2 fusion_builder_column_1_6 1_6 fusion-one-sixth fusion-column-last fusion-no-small-visibility\" style=\"--awb-bg-size:cover;width:13.3333%;\"><div class=\"fusion-column-wrapper fusion-flex-column-wrapper-legacy\"><div class=\"fusion-clearfix\"><\/div><\/div><\/div><\/div><\/div><div class=\"fusion-fullwidth fullwidth-box fusion-builder-row-2 nonhundred-percent-fullwidth non-hundred-percent-height-scrolling\" style=\"--awb-border-radius-top-left:0px;--awb-border-radius-top-right:0px;--awb-border-radius-bottom-right:0px;--awb-border-radius-bottom-left:0px;--awb-flex-wrap:wrap;\" ><div class=\"fusion-builder-row fusion-row\"><div class=\"fusion-layout-column fusion_builder_column fusion-builder-column-3 fusion_builder_column_1_1 1_1 fusion-one-full fusion-column-first fusion-column-last\" style=\"--awb-padding-top:0px;--awb-padding-bottom:60px;--awb-bg-size:cover;\"><div class=\"fusion-column-wrapper fusion-column-has-shadow fusion-flex-column-wrapper-legacy\"><div class=\"fusion-section-separator section-separator bigtriangle fusion-section-separator-1\" style=\"--awb-spacer-height:99px;--awb-svg-margin-left:0;--awb-svg-margin-right:0;--awb-divider-height:99px;--awb-spacer-padding-top:inherit;--awb-sep-padding:0;--awb-svg-padding:0;\"><div class=\"fusion-section-separator-svg\"><svg class=\"fusion-big-triangle-candy\" xmlns=\"http:\/\/www.w3.org\/2000\/svg\" version=\"1.1\" width=\"100%\" height=\"100\" viewbox=\"0 0 100 100\" preserveaspectratio=\"none\" fill=\"rgba(249,218,66,0.3)\"><path d=\"M0 100 L50 2 L100 100 Z\"><\/path><\/svg><\/div><div class=\"fusion-section-separator-spacer\"><div class=\"fusion-section-separator-spacer-height\"><\/div><\/div><\/div><div class=\"fusion-clearfix\"><\/div><\/div><\/div><\/div><\/div><div class=\"fusion-fullwidth fullwidth-box fusion-builder-row-3 nonhundred-percent-fullwidth non-hundred-percent-height-scrolling\" style=\"--awb-border-radius-top-left:0px;--awb-border-radius-top-right:0px;--awb-border-radius-bottom-right:0px;--awb-border-radius-bottom-left:0px;--awb-padding-bottom:90px;--awb-flex-wrap:wrap;\" ><div class=\"fusion-builder-row fusion-row\"><div class=\"fusion-layout-column fusion_builder_column fusion-builder-column-4 fusion_builder_column_1_2 1_2 fusion-one-half fusion-column-first\" style=\"--awb-bg-size:cover;width:50%;width:calc(50% - ( ( 4% ) * 0.5 ) );margin-right: 4%;\"><div class=\"fusion-column-wrapper fusion-column-has-shadow fusion-flex-column-wrapper-legacy\"><div class=\"fusion-image-element in-legacy-container\" style=\"--awb-caption-title-font-family:var(--h2_typography-font-family);--awb-caption-title-font-weight:var(--h2_typography-font-weight);--awb-caption-title-font-style:var(--h2_typography-font-style);--awb-caption-title-size:var(--h2_typography-font-size);--awb-caption-title-transform:var(--h2_typography-text-transform);--awb-caption-title-line-height:var(--h2_typography-line-height);--awb-caption-title-letter-spacing:var(--h2_typography-letter-spacing);\"><span class=\"fusion-imageframe imageframe-none imageframe-2 hover-type-zoomout\"><a class=\"fusion-no-lightbox\" href=\"http:\/\/www.gseducativas.com\/wp-content\/uploads\/2020\/02\/264-scaled.jpg\" target=\"_self\" aria-label=\"Business success teamwork together high five on air.\"><img decoding=\"async\" width=\"2560\" height=\"1707\" alt=\"About Us\" src=\"http:\/\/www.gseducativas.com\/wp-content\/uploads\/2020\/02\/264-scaled.jpg\" class=\"img-responsive wp-image-2001\" srcset=\"https:\/\/www.gseducativas.com\/wp-content\/uploads\/2020\/02\/264-scaled-200x133.jpg 200w, https:\/\/www.gseducativas.com\/wp-content\/uploads\/2020\/02\/264-scaled-400x267.jpg 400w, https:\/\/www.gseducativas.com\/wp-content\/uploads\/2020\/02\/264-scaled-600x400.jpg 600w, https:\/\/www.gseducativas.com\/wp-content\/uploads\/2020\/02\/264-scaled-800x533.jpg 800w, https:\/\/www.gseducativas.com\/wp-content\/uploads\/2020\/02\/264-scaled-1200x800.jpg 1200w, https:\/\/www.gseducativas.com\/wp-content\/uploads\/2020\/02\/264-scaled.jpg 2560w\" sizes=\"(max-width: 1000px) 100vw, 800px\" \/><\/a><\/span><\/div><div class=\"fusion-clearfix\"><\/div><\/div><\/div><div class=\"fusion-layout-column fusion_builder_column fusion-builder-column-5 fusion_builder_column_1_2 1_2 fusion-one-half fusion-column-last\" style=\"--awb-padding-right:6%;--awb-bg-size:cover;width:50%;width:calc(50% - ( ( 4% ) * 0.5 ) );\"><div class=\"fusion-column-wrapper fusion-column-has-shadow fusion-flex-column-wrapper-legacy\"><div class=\"fusion-text fusion-text-4\"><h2 class=\"fusion-responsive-typography-calculated\" style=\"--fontsize: 43; line-height: 1.2;\" data-fontsize=\"43\" data-lineheight=\"51.6px\"><span style=\"color: #ff9900; font-family: 'IBM Plex Sans'; font-weight: 600;\" data-fusion-font=\"true\" data-fusion-google-font=\"IBM Plex Sans\" data-fusion-google-variant=\"600\">Nuestra Promesa<\/span><\/h2>\n<p style=\"font-family: Roboto; font-weight: 400;\" data-fusion-font=\"true\" data-fusion-google-font=\"Roboto\" data-fusion-google-variant=\"400\">Su centro educativo a un click de distancia.<\/p>\n<p><span style=\"font-family: Roboto; font-weight: 400;\" data-fusion-font=\"true\" data-fusion-google-font=\"Roboto\" data-fusion-google-variant=\"400\">Nuestra promesa va m\u00e1s all\u00e1 de una plataforma. Nuestra promesa es asegurar que continuamos proporcionando informaci\u00f3n en tiempo real a todos nuestros usuarios, a trav\u00e9s de cualquier dispositivo, 24 horas al d\u00eda, 365 d\u00edas al a\u00f1o.<\/span><br \/>\n<span style=\"font-family: 'IBM Plex Sans'; font-weight: 400;\" data-fusion-font=\"true\" data-fusion-google-font=\"IBM Plex Sans\" data-fusion-google-variant=\"400\"><br \/>\n<span style=\"font-family: Roboto; font-weight: 400;\" data-fusion-font=\"true\" data-fusion-google-font=\"Roboto\" data-fusion-google-variant=\"400\"><br \/>\nRevisando cada d\u00eda lo que podemos mejorar o agregar a la plataforma para estar siempre un paso adelante.<\/span><\/span><br \/>\n<span style=\"font-family: 'IBM Plex Sans'; font-weight: 400;\" data-fusion-font=\"true\" data-fusion-google-font=\"IBM Plex Sans\" data-fusion-google-variant=\"400\"><br \/>\n<span style=\"font-family: Roboto; font-weight: 400;\" data-fusion-font=\"true\" data-fusion-google-font=\"Roboto\" data-fusion-google-variant=\"400\"><br \/>\nCuando se piensa en una plataforma que pueda integrar todas las \u00e1reas que se gestionan en una escuela, desde la perspectiva de los administradores, educadores, estudiantes y asistentes, piense en SEDUCA, la \u00fanica plataforma 100% integrada capaz de hacer esto realidad.<\/span><\/span><\/p>\n<\/div><div class=\"fusion-clearfix\"><\/div><\/div><\/div><\/div><\/div><div class=\"fusion-bg-parallax\" data-bg-align=\"center center\" data-direction=\"left\" data-mute=\"false\" data-opacity=\"100\" data-velocity=\"-0.7\" data-mobile-enabled=\"false\" data-break_parents=\"0\" data-bg-image=\"http:\/\/www.gseducativas.com\/wp-content\/uploads\/2020\/04\/Nueva-imagen-counter.jpg\" data-bg-repeat=\"false\" ><\/div><div class=\"fusion-fullwidth fullwidth-box fusion-builder-row-4 fusion-parallax-left nonhundred-percent-fullwidth non-hundred-percent-height-scrolling\" style=\"--awb-border-sizes-top:0px;--awb-border-sizes-bottom:0px;--awb-border-sizes-left:0px;--awb-border-sizes-right:0px;--awb-border-radius-top-left:0px;--awb-border-radius-top-right:0px;--awb-border-radius-bottom-right:0px;--awb-border-radius-bottom-left:0px;--awb-padding-top:110px;--awb-padding-bottom:110px;--awb-background-color:rgba(209,209,209,0);--awb-background-image:url(&quot;http:\/\/www.gseducativas.com\/wp-content\/uploads\/2020\/04\/Nueva-imagen-counter.jpg&quot;);--awb-background-size:cover;--awb-flex-wrap:wrap;\" ><div class=\"fusion-builder-row fusion-row\"><div class=\"fusion-layout-column fusion_builder_column fusion-builder-column-6 fusion_builder_column_1_1 1_1 fusion-one-full fusion-column-first fusion-column-last\" style=\"--awb-bg-color:rgba(209,209,209,0.66);--awb-bg-color-hover:rgba(209,209,209,0.66);--awb-bg-size:cover;\"><div class=\"fusion-column-wrapper fusion-column-has-shadow fusion-flex-column-wrapper-legacy\"><div class=\"fusion-counters-box counters-box row fusion-clearfix fusion-columns-4\"><div class=\"fusion-counter-box fusion-column col-counter-box counter-box-wrapper col-lg-3 col-md-3 col-sm-3 fusion-counter-box-icon-top\" data-animationoffset=\"top-into-view\"><div class=\"counter-box-container\"><div class=\"content-box-percentage content-box-counter\"><i class=\"counter-box-icon fontawesome-icon fa-user-graduate fas\" aria-hidden=\"true\"><\/i><span class=\"display-counter\" data-value=\"2508518\" data-direction=\"up\" data-decimals=\"0\">0<\/span><\/div><div class=\"counter-box-content\">Evaluaciones de Estudiantes<\/div><\/div><\/div><div class=\"fusion-counter-box fusion-column col-counter-box counter-box-wrapper col-lg-3 col-md-3 col-sm-3 fusion-counter-box-icon-top\" data-animationoffset=\"top-into-view\"><div class=\"counter-box-container\"><div class=\"content-box-percentage content-box-counter\"><i class=\"counter-box-icon fontawesome-icon fa-user-friends fas\" aria-hidden=\"true\"><\/i><span class=\"display-counter\" data-value=\"3194623\" data-direction=\"up\" data-decimals=\"0\">0<\/span><\/div><div class=\"counter-box-content\">Notificaciones a los Padres<\/div><\/div><\/div><div class=\"fusion-counter-box fusion-column col-counter-box counter-box-wrapper col-lg-3 col-md-3 col-sm-3 fusion-counter-box-icon-top\" data-animationoffset=\"top-into-view\"><div class=\"counter-box-container\"><div class=\"content-box-percentage content-box-counter\"><i class=\"counter-box-icon fontawesome-icon fa-chalkboard-teacher fas\" aria-hidden=\"true\"><\/i><span class=\"display-counter\" data-value=\"6163508\" data-direction=\"up\" data-decimals=\"0\">0<\/span><\/div><div class=\"counter-box-content\">Planificaci\u00f3n del Profesor<\/div><\/div><\/div><div class=\"fusion-counter-box fusion-column col-counter-box counter-box-wrapper col-lg-3 col-md-3 col-sm-3 fusion-counter-box-icon-top\" data-animationoffset=\"top-into-view\"><div class=\"counter-box-container\"><div class=\"content-box-percentage content-box-counter\"><i class=\"counter-box-icon fontawesome-icon fa-users fas\" aria-hidden=\"true\"><\/i><span class=\"display-counter\" data-value=\"6823845\" data-direction=\"up\" data-decimals=\"0\">0<\/span><\/div><div class=\"counter-box-content\">Tareas Administrativas<\/div><\/div><\/div><\/div><div class=\"clearfix\"><\/div><div class=\"fusion-clearfix\"><\/div><\/div><\/div><\/div><\/div><div class=\"fusion-fullwidth fullwidth-box fusion-builder-row-5 nonhundred-percent-fullwidth non-hundred-percent-height-scrolling\" style=\"--awb-background-position:left top;--awb-border-sizes-top:0px;--awb-border-sizes-bottom:0px;--awb-border-sizes-left:0px;--awb-border-sizes-right:0px;--awb-border-radius-top-left:0px;--awb-border-radius-top-right:0px;--awb-border-radius-bottom-right:0px;--awb-border-radius-bottom-left:0px;--awb-padding-top:0px;--awb-padding-right:0px;--awb-padding-bottom:0px;--awb-padding-left:0px;--awb-background-color:#333c4e;--awb-flex-wrap:wrap;\" ><div class=\"fusion-builder-row fusion-row\"><div class=\"fusion-layout-column fusion_builder_column fusion-builder-column-7 fusion_builder_column_1_1 1_1 fusion-one-full fusion-column-first fusion-column-last fusion-column-no-min-height\" style=\"--awb-padding-top:0PX;--awb-padding-right:5%;--awb-padding-bottom:0PX;--awb-padding-left:5%;--awb-bg-color:#333c4e;--awb-bg-color-hover:#333c4e;--awb-bg-size:cover;--awb-margin-top:4%;--awb-margin-bottom:3%;\"><div class=\"fusion-column-wrapper fusion-column-has-shadow fusion-flex-column-wrapper-legacy\"><div class=\"fusion-text fusion-text-5\"><h3 class=\"\" style=\"text-align: center; font-size: 30px; color: #ffffff; --fontsize: 30; line-height: 1.4;\" data-fontsize=\"30\" data-lineheight=\"42px\">\u00danase <span style=\"color: #f09a3e; font-size: 37px;\" data-fusion-font=\"true\"><b>a la comunidad de usuarios <\/b><\/span>que actualmente disfruta de SEDUCA<\/h3>\n<\/div><div class=\"fusion-sep-clear\"><\/div><div class=\"fusion-separator fusion-full-width-sep\" style=\"margin-left: auto;margin-right: auto;margin-top:-25px;width:100%;\"><\/div><div class=\"fusion-sep-clear\"><\/div><div class=\"fusion-text fusion-text-6\" style=\"--awb-text-transform:capitalize;--awb-user-select:all;--awb-text-font-family:&quot;Roboto&quot;;--awb-text-font-style:normal;--awb-text-font-weight:400;\"><p style=\"text-align: center; font-size: 20px; color: rgb(119, 119, 119); font-family: Roboto; font-weight: 600;\" data-fusion-font=\"true\" data-fusion-google-font=\"Roboto\" data-fusion-google-variant=\"600\">Forme parte de la soluci\u00f3n SEDUCA para mejorar la gesti\u00f3n de su centro educativo.<\/p>\n<\/div><div class=\"fusion-sep-clear\"><\/div><div class=\"fusion-separator fusion-full-width-sep\" style=\"margin-left: auto;margin-right: auto;margin-top:15px;width:100%;\"><\/div><div class=\"fusion-sep-clear\"><\/div><div class=\"fusion-button-wrapper fusion-aligncenter\"><a class=\"fusion-button button-flat button-small button-orange fusion-button-orange button-1 fusion-button-span-no\" target=\"_self\" href=\"https:\/\/www.gseducativas.com\/es\/schedule-a-demo\/\"><span class=\"fusion-button-text awb-button__text awb-button__text--default\">PROGRAME UNA DEMO<\/span><\/a><\/div><div class=\"fusion-clearfix\"><\/div><\/div><\/div><\/div><\/div>\n<\/p>","protected":false},"excerpt":{"rendered":"","protected":false},"author":1,"featured_media":0,"parent":0,"menu_order":0,"comment_status":"closed","ping_status":"closed","template":"100-width.php","meta":{"_acf_changed":false,"footnotes":""},"class_list":["post-1940","page","type-page","status-publish","hentry"],"acf":[],"aioseo_notices":[],"_links":{"self":[{"href":"https:\/\/www.gseducativas.com\/es\/wp-json\/wp\/v2\/pages\/1940","targetHints":{"allow":["GET"]}}],"collection":[{"href":"https:\/\/www.gseducativas.com\/es\/wp-json\/wp\/v2\/pages"}],"about":[{"href":"https:\/\/www.gseducativas.com\/es\/wp-json\/wp\/v2\/types\/page"}],"author":[{"embeddable":true,"href":"https:\/\/www.gseducativas.com\/es\/wp-json\/wp\/v2\/users\/1"}],"replies":[{"embeddable":true,"href":"https:\/\/www.gseducativas.com\/es\/wp-json\/wp\/v2\/comments?post=1940"}],"version-history":[{"count":8,"href":"https:\/\/www.gseducativas.com\/es\/wp-json\/wp\/v2\/pages\/1940\/revisions"}],"predecessor-version":[{"id":3894,"href":"https:\/\/www.gseducativas.com\/es\/wp-json\/wp\/v2\/pages\/1940\/revisions\/3894"}],"wp:attachment":[{"href":"https:\/\/www.gseducativas.com\/es\/wp-json\/wp\/v2\/media?parent=1940"}],"curies":[{"name":"wp","href":"https:\/\/api.w.org\/{rel}","templated":true}]}}