{"id":3270,"date":"2020-04-20T06:15:05","date_gmt":"2020-04-20T06:15:05","guid":{"rendered":"http:\/\/www.gseducativas.com\/?page_id=3270"},"modified":"2025-02-19T18:34:14","modified_gmt":"2025-02-19T18:34:14","slug":"online-school","status":"publish","type":"page","link":"https:\/\/www.gseducativas.com\/es\/online-school\/","title":{"rendered":"Escuela en l\u00ednea"},"content":{"rendered":"<p><div class=\"fusion-fullwidth fullwidth-box fusion-builder-row-1 nonhundred-percent-fullwidth non-hundred-percent-height-scrolling\" style=\"--awb-border-radius-top-left:0px;--awb-border-radius-top-right:0px;--awb-border-radius-bottom-right:0px;--awb-border-radius-bottom-left:0px;--awb-flex-wrap:wrap;\" ><div class=\"fusion-builder-row fusion-row\"><div class=\"fusion-layout-column fusion_builder_column fusion-builder-column-0 fusion_builder_column_1_1 1_1 fusion-one-full fusion-column-first fusion-column-last\" style=\"--awb-bg-size:cover;\"><div class=\"fusion-column-wrapper fusion-column-has-shadow fusion-flex-column-wrapper-legacy\"><div class=\"fusion-text fusion-text-1\" style=\"--awb-text-transform:none;--awb-text-font-family:&quot;Roboto&quot;;--awb-text-font-style:normal;--awb-text-font-weight:400;\"><p class=\"translation-block\">Adem\u00e1s, nos caracterizamos por la adaptabilidad a las necesidades del centro educativo y el crecimiento que ofrece nuestra plataforma, adapt\u00e1ndose a procesos de diferentes tama\u00f1os a medida que el colegio se va expandiendo.<br>Otra caracter\u00edstica que define a esta \u00e1rea es que es muy amigable y se puede utilizar desde cualquier tipo de dispositivo de escritorio y dispositivos m\u00f3viles.<br>Est\u00e1 conformada por algunos m\u00f3dulos y funcionalidades que SEDUCA ofrece a la comunidad educativa, espec\u00edficamente en la sesi\u00f3n del profesor para la interacci\u00f3n con los alumnos y padres de familia, quienes cuentan cada uno con su propia \u00e1rea en la plataforma.<br>El aula virtual o portal colaborativo del alumno es donde se desarrolla la interacci\u00f3n virtual con el profesor y sus compa\u00f1eros.<br>El aula virtual o portal colaborativo del profesor es el \u00e1rea que utiliza el profesor para gestionar todas sus aulas, crear los horarios acad\u00e9micos de cada nivel que maneja, colocar las tareas en esos niveles, calificarlas y evaluarlas, esta \u00e1rea est\u00e1 compuesta por algunos m\u00f3dulos y funcionalidades. Entre las m\u00e1s relevantes tenemos:<\/p>\n<\/div><div class=\"fusion-content-boxes content-boxes columns row fusion-columns-3 fusion-columns-total-3 fusion-content-boxes-1 content-boxes-icon-on-top content-left\" style=\"--awb-hover-accent-color:#f09a3e;--awb-circle-hover-accent-color:#f09a3e;\" data-animationoffset=\"top-into-view\"><div style=\"--awb-backgroundcolor:rgba(255,152,0,0.2);\" class=\"fusion-column content-box-column content-box-column content-box-column-1 col-lg-4 col-md-4 col-sm-4 fusion-content-box-hover content-box-column-first-in-row\"><div class=\"col content-box-wrapper content-wrapper-background link-area-box icon-hover-animation-slide\" data-animationoffset=\"top-into-view\"><div class=\"heading heading-with-icon icon-left\"><div class=\"icon\"><i style=\"border-color:#333c4e;border-width:1px;background-color:#333c4e;box-sizing:content-box;height:100px;width:100px;line-height:100px;border-radius:50%;font-size:50px;\" aria-hidden=\"true\" class=\"fontawesome-icon fa-bookmark fas circle-yes\"><\/i><\/div><h1 class=\"content-box-heading fusion-responsive-typography-calculated\" style=\"--h1_typography-font-size:18px;--fontSize:18;line-height:1.16;\">Programaci\u00f3n Acad\u00e9mica<\/h1><\/div><div class=\"fusion-clearfix\"><\/div><div class=\"content-container\">\n<p style=\"text-align: left; font-family: Roboto; font-weight: 400;\" data-fusion-font=\"true\" data-fusion-google-font=\"Roboto\" data-fusion-google-variant=\"400\">En este m\u00f3dulo encontrar\u00e1s el resumen de la asignatura en el semestre, comparti\u00e9ndolo con el estudiante y el padre de familia, detallando cu\u00e1l ser\u00e1 el contenido y la forma de evaluar la asignatura, los porcentajes y c\u00f3mo se distribuyen estos entre las diversas actividades.<\/p>\n<\/div><\/div><\/div><div style=\"--awb-backgroundcolor:rgba(255,152,0,0.22);\" class=\"fusion-column content-box-column content-box-column content-box-column-2 col-lg-4 col-md-4 col-sm-4 fusion-content-box-hover\"><div class=\"col content-box-wrapper content-wrapper-background link-area-box icon-hover-animation-slide\" data-animationoffset=\"top-into-view\"><div class=\"heading heading-with-icon icon-left\"><div class=\"icon\"><i style=\"border-color:#333c4e;border-width:1px;background-color:#333c4e;box-sizing:content-box;height:100px;width:100px;line-height:100px;border-radius:50%;font-size:50px;\" aria-hidden=\"true\" class=\"fontawesome-icon fa-book-open fas circle-yes\"><\/i><\/div><h1 class=\"content-box-heading fusion-responsive-typography-calculated\" style=\"--h1_typography-font-size:18px;--fontSize:18;line-height:1.16;\">Libreta de Calificaciones<\/h1><\/div><div class=\"fusion-clearfix\"><\/div><div class=\"content-container\">\n<p style=\"text-align: left; font-family: Roboto; font-weight: 400;\" data-fusion-font=\"true\" data-fusion-google-font=\"Roboto\" data-fusion-google-variant=\"400\">Este m\u00f3dulo ofrece la posibilidad de calificar a partir de la r\u00fabrica de evaluaci\u00f3n y esta informaci\u00f3n se comparte en l\u00ednea con los estudiantes y los padres de familia. Adicionalmente, se comparten comentarios que retroalimentan la evaluaci\u00f3n del estudiante respecto a su calificaci\u00f3n.<\/p>\n<\/div><\/div><\/div><div style=\"--awb-backgroundcolor:rgba(255,152,0,0.22);\" class=\"fusion-column content-box-column content-box-column content-box-column-3 col-lg-4 col-md-4 col-sm-4 fusion-content-box-hover content-box-column-last content-box-column-last-in-row\"><div class=\"col content-box-wrapper content-wrapper-background link-area-box icon-hover-animation-slide\" data-animationoffset=\"top-into-view\"><div class=\"heading heading-with-icon icon-left\"><div class=\"icon\"><i style=\"border-color:#333c4e;border-width:1px;background-color:#333c4e;box-sizing:content-box;height:100px;width:100px;line-height:100px;border-radius:50%;font-size:50px;\" aria-hidden=\"true\" class=\"fontawesome-icon fa-chalkboard fas circle-yes\"><\/i><\/div><h1 class=\"content-box-heading fusion-responsive-typography-calculated\" style=\"--h1_typography-font-size:18px;--fontSize:18;line-height:1.16;\">E-Learning<\/h1><\/div><div class=\"fusion-clearfix\"><\/div><div class=\"content-container\">\n<p style=\"text-align: left; font-family: Roboto; font-weight: 400;\" data-fusion-font=\"true\" data-fusion-google-font=\"Roboto\" data-fusion-google-variant=\"400\">Este m\u00f3dulo permite crear cursos con contenido, en los cuales el estudiante puede seguir paso a paso el desarrollo de un tema o materia a trav\u00e9s de cap\u00edtulos. El contenido que se comparte puede ser texto, audio, clases pregrabadas, videos tomados de internet o realizados por el docente desde la misma plataforma, ya sea para s\u00ed mismo o para la pantalla de su computadora, adem\u00e1s contiene autoevaluaci\u00f3n al final de cada cap\u00edtulo o ex\u00e1menes y pruebas con tiempo definido para estas pruebas.<\/p>\n<\/div><\/div><\/div><div class=\"fusion-clearfix\"><\/div><\/div><div class=\"fusion-content-boxes content-boxes columns row fusion-columns-3 fusion-columns-total-3 fusion-content-boxes-2 content-boxes-icon-on-top content-left\" style=\"--awb-hover-accent-color:#f09a3e;--awb-circle-hover-accent-color:#f09a3e;\" data-animationoffset=\"top-into-view\"><div style=\"--awb-backgroundcolor:rgba(255,153,0,0.22);\" class=\"fusion-column content-box-column content-box-column content-box-column-1 col-lg-4 col-md-4 col-sm-4 fusion-content-box-hover content-box-column-first-in-row\"><div class=\"col content-box-wrapper content-wrapper-background link-area-box icon-hover-animation-slide\" data-animationoffset=\"top-into-view\"><div class=\"heading heading-with-icon icon-left\"><div class=\"icon\"><i style=\"border-color:#333c4e;border-width:1px;background-color:#333c4e;box-sizing:content-box;height:100px;width:100px;line-height:100px;border-radius:50%;font-size:50px;\" aria-hidden=\"true\" class=\"fontawesome-icon fa-book-reader fas circle-yes\"><\/i><\/div><h1 class=\"content-box-heading fusion-responsive-typography-calculated\" style=\"--h1_typography-font-size:18px;--fontSize:18;line-height:1.16;\">Gesti\u00f3n de Asignaciones<\/h1><\/div><div class=\"fusion-clearfix\"><\/div><div class=\"content-container\">\n<p style=\"text-align: left;\"><span data-fusion-font=\"true\" data-fusion-google-font=\"Roboto\" data-fusion-google-variant=\"400\" style=\"font-family: Roboto; font-weight: 400;\">Este m\u00f3dulo ofrece la posibilidad de crear tareas que se comparten en la agenda de estudiantes y padres de familia, en l\u00ednea.<\/span><br \/><span data-fusion-font=\"true\" data-fusion-google-font=\"Roboto\" data-fusion-google-variant=\"400\" style=\"font-family: Roboto; font-weight: 400;\"><br \/>\nEste m\u00f3dulo cuenta con diversas caracter\u00edsticas que ayudan al estudiante a interactuar con su docente, por ejemplo: al crear la actividad, el docente no solo indica el tema, descripci\u00f3n y fecha, sino que relaciona una r\u00fabrica de evaluaci\u00f3n en la tarea. De esta manera, el estudiante puede saber exactamente los aspectos que ser\u00e1n evaluados y lo que el docente espera en el desarrollo de dicha tarea; tambi\u00e9n puede indicar modalidades de trabajo como:<\/span><\/p>\n<ul style=\"text-align: left;\">\n<li><span data-fusion-font=\"true\" data-fusion-google-font=\"Roboto\" data-fusion-google-variant=\"400\" style=\"font-family: Roboto; font-weight: 400;\">Que el estudiante desarrolle la actividad directamente en su aula virtual, desde un editor que tenga la plataforma, que llegue al docente y pueda verlo.<\/span><\/li>\n<li><span data-fusion-font=\"true\" data-fusion-google-font=\"Roboto\" data-fusion-google-variant=\"400\" style=\"font-family: Roboto; font-weight: 400;\">Que el alumno desarrolle la actividad a trav\u00e9s de un documento compartido que el docente adjunte y el alumno desarrolle desde su aula virtual, pudiendo el docente verlo.<\/span><\/li>\n<li><span data-fusion-font=\"true\" data-fusion-google-font=\"Roboto\" data-fusion-google-variant=\"400\" style=\"font-family: Roboto; font-weight: 400;\">Que el alumno realice la actividad entregando el trabajo en cualquier formato (pdf, hojas de c\u00e1lculo, editores de texto, im\u00e1genes, etc.) desde el aula virtual.<\/span><\/li>\n<\/ul>\n<p style=\"text-align: left;\"><span data-fusion-font=\"true\" data-fusion-google-font=\"Roboto\" data-fusion-google-variant=\"400\" style=\"font-family: Roboto; font-weight: 400;\">Por otro lado, se debe tener en cuenta que el docente en la tarea tambi\u00e9n puede enviar archivos adjuntos que aporten mayor informaci\u00f3n al desarrollo de una tarea.<\/span><br \/><span data-fusion-font=\"true\" data-fusion-google-font=\"Roboto\" data-fusion-google-variant=\"400\" style=\"font-family: Roboto; font-weight: 400;\"><br \/>\nNo menos importante, el alumno tiene la posibilidad de chatear en tiempo real, a trav\u00e9s de la misma plataforma con el profesor y sus compa\u00f1eros sobre la tarea, en caso de necesitar resolver alguna duda, de la misma forma que lo har\u00eda en su aula f\u00edsica.<\/span><\/p>\n<\/div><\/div><\/div><div style=\"--awb-backgroundcolor:rgba(255,152,0,0.22);\" class=\"fusion-column content-box-column content-box-column content-box-column-2 col-lg-4 col-md-4 col-sm-4 fusion-content-box-hover\"><div class=\"col content-box-wrapper content-wrapper-background link-area-box icon-hover-animation-slide\" data-animationoffset=\"top-into-view\"><div class=\"heading heading-with-icon icon-left\"><div class=\"icon\"><i style=\"border-color:#333c4e;border-width:1px;background-color:#333c4e;box-sizing:content-box;height:100px;width:100px;line-height:100px;border-radius:50%;font-size:50px;\" aria-hidden=\"true\" class=\"fontawesome-icon fa-chalkboard-teacher fas circle-yes\"><\/i><\/div><h1 class=\"content-box-heading fusion-responsive-typography-calculated\" style=\"--h1_typography-font-size:18px;--fontSize:18;line-height:1.16;\">Aulas virtuales en cada nivel docente<\/h1><\/div><div class=\"fusion-clearfix\"><\/div><div class=\"content-container\">\n<p style=\"text-align: left; font-family: Roboto; font-weight: 400;\" data-fusion-font=\"true\" data-fusion-google-font=\"Roboto\" data-fusion-google-variant=\"400\">Estas aulas virtuales son el entorno donde los docentes realmente interact\u00faan con sus estudiantes de manera virtual, siendo esta una extensi\u00f3n del aula. Los docentes como portada de su aula virtual pueden colocar im\u00e1genes que identifiquen su clase, adem\u00e1s de subir el Syllabus o esquema de su curso para que desde ya el estudiante se familiarice con los temas y m\u00e9todos que se utilizar\u00e1n durante la clase. Desde aqu\u00ed pueden realizar diversas actividades, como:<\/p>\n<ul>\n<li style=\"text-align: left;\"><strong data-fusion-font=\"true\" data-fusion-google-font=\"Roboto\" data-fusion-google-variant=\"400\" style=\"font-family: Roboto; font-weight: 400;\">Subir Recursos:<\/strong><span data-fusion-font=\"true\" data-fusion-google-font=\"Roboto\" data-fusion-google-variant=\"400\" style=\"font-family: Roboto; font-weight: 400;\"> Es un \u00e1rea donde se comparten diversos archivos en cada aula, los cuales estar\u00e1n disponibles para el estudiante durante el tiempo que el educador determine y pueden ser archivos pdf, hojas de c\u00e1lculo, editores de texto, im\u00e1genes, videos o enlaces de videos.<\/span><\/li>\n<li style=\"text-align: left;\"><strong data-fusion-font=\"true\" data-fusion-google-font=\"Roboto\" data-fusion-google-variant=\"400\" style=\"font-family: Roboto; font-weight: 400;\">Grabaci\u00f3n de clases:<\/strong><span data-fusion-font=\"true\" data-fusion-google-font=\"Roboto\" data-fusion-google-variant=\"400\" style=\"font-family: Roboto; font-weight: 400;\"> Es una herramienta con la que el profesor puede grabar una clase, ya sea apuntando la c\u00e1mara hacia \u00e9l y explicando la clase, o apuntando la pantalla y con su voz explicando la clase. Este v\u00eddeo se comparte en el aula virtual del alumno y \u00e9ste puede verlo cuando lo necesite, de hecho, repetirlo tantas veces como quiera.<\/span><\/li>\n<li style=\"text-align: left;\"><strong data-fusion-font=\"true\" data-fusion-google-font=\"Roboto\" data-fusion-google-variant=\"400\" style=\"font-family: Roboto; font-weight: 400;\">Videoconferencias en tiempo real<\/strong><span data-fusion-font=\"true\" data-fusion-google-font=\"Roboto\" data-fusion-google-variant=\"400\" style=\"font-family: Roboto; font-weight: 400;\">La plataforma ofrece una herramienta de videoconferencia con la que el docente puede conectarse con sus alumnos y dirigir una clase en vivo, con las mismas funcionalidades que utilizan las actuales herramientas de este tipo que hay en el mercado.<\/span><\/li>\n<li style=\"text-align: left;\"><strong data-fusion-font=\"true\" data-fusion-google-font=\"Roboto\" data-fusion-google-variant=\"400\" style=\"font-family: Roboto; font-weight: 400;\">Discusiones o foros:<\/strong><span data-fusion-font=\"true\" data-fusion-google-font=\"Roboto\" data-fusion-google-variant=\"400\" style=\"font-family: Roboto; font-weight: 400;\">Es una herramienta con la cual el docente puede exponer un tema y los estudiantes pueden debatir sobre el tema, de acuerdo a las indicaciones dadas.<\/span><\/li>\n<\/ul>\n<\/div><\/div><\/div><div style=\"--awb-backgroundcolor:rgba(255,152,0,0.22);\" class=\"fusion-column content-box-column content-box-column content-box-column-3 col-lg-4 col-md-4 col-sm-4 fusion-content-box-hover content-box-column-last content-box-column-last-in-row\"><div class=\"col content-box-wrapper content-wrapper-background link-area-box icon-hover-animation-slide\" data-animationoffset=\"top-into-view\"><div class=\"heading heading-with-icon icon-left\"><div class=\"icon\"><i style=\"border-color:#333c4e;border-width:1px;background-color:#333c4e;box-sizing:content-box;height:100px;width:100px;line-height:100px;border-radius:50%;font-size:50px;\" aria-hidden=\"true\" class=\"fontawesome-icon fa-users fas circle-yes\"><\/i><\/div><h1 class=\"content-box-heading fusion-responsive-typography-calculated\" style=\"--h1_typography-font-size:18px;--fontSize:18;line-height:1.16;\">Red Social<\/h1><\/div><div class=\"fusion-clearfix\"><\/div><div class=\"content-container\">\n<p style=\"text-align: left;\"><span data-fusion-font=\"true\" data-fusion-google-font=\"Roboto\" data-fusion-google-variant=\"400\" style=\"font-family: Roboto; font-weight: 400;\">Este m\u00f3dulo es la red social interna de la plataforma, donde todos los usuarios de la instituci\u00f3n acad\u00e9mica pueden interactuar, intercambiando comentarios, v\u00eddeos, fotos y pudiendo contestar o catalogar con gestos cada tema expuesto por los mismos usuarios.<\/span><br \/><span data-fusion-font=\"true\" data-fusion-google-font=\"Roboto\" data-fusion-google-variant=\"400\" style=\"font-family: Roboto; font-weight: 400;\"><br \/>\nEn este m\u00f3dulo se cuenta con un \u00e1rea de recursos perteneciente a cada aula del colegio en donde el docente puede colocar gran cantidad de informaci\u00f3n en diferentes tipos de formatos para que sus estudiantes la utilicen como refuerzo en momentos que requieran ampliar alg\u00fan tema relacionado con las tareas.<\/span><\/p>\n<\/div><\/div><\/div><div class=\"fusion-clearfix\"><\/div><\/div><div class=\"fusion-aligncenter\"><a class=\"fusion-button button-flat button-small button-default fusion-button-default button-1 fusion-button-span-no fusion-button-default-type\" target=\"_self\" href=\"http:\/\/www.gseducativas.com\/es\/features\/\"><span class=\"fusion-button-icon-divider button-icon-divider-left\"><i class=\"fa-arrow-left fas awb-button__icon awb-button__icon--default\" aria-hidden=\"true\"><\/i><\/span><span class=\"fusion-button-text awb-button__text awb-button__text--default fusion-button-text-left\">Regresar<\/span><\/a><\/div><div class=\"fusion-clearfix\"><\/div><\/div><\/div><\/div><\/div><div class=\"fusion-fullwidth fullwidth-box fusion-builder-row-2 nonhundred-percent-fullwidth non-hundred-percent-height-scrolling\" style=\"--awb-background-position:left top;--awb-border-sizes-top:0px;--awb-border-sizes-bottom:0px;--awb-border-sizes-left:0px;--awb-border-sizes-right:0px;--awb-border-radius-top-left:0px;--awb-border-radius-top-right:0px;--awb-border-radius-bottom-right:0px;--awb-border-radius-bottom-left:0px;--awb-padding-top:0px;--awb-padding-right:0px;--awb-padding-bottom:0px;--awb-padding-left:0px;--awb-background-color:#333c4e;--awb-flex-wrap:wrap;\" ><div class=\"fusion-builder-row fusion-row\"><div class=\"fusion-layout-column fusion_builder_column fusion-builder-column-1 fusion_builder_column_1_1 1_1 fusion-one-full fusion-column-first fusion-column-last fusion-column-no-min-height\" style=\"--awb-padding-top:0PX;--awb-padding-right:5%;--awb-padding-bottom:0PX;--awb-padding-left:5%;--awb-bg-color:#333c4e;--awb-bg-color-hover:#333c4e;--awb-bg-size:cover;--awb-margin-top:4%;--awb-margin-bottom:3%;\"><div class=\"fusion-column-wrapper fusion-column-has-shadow fusion-flex-column-wrapper-legacy\"><div class=\"fusion-text fusion-text-2\"><h3 class=\"\" style=\"text-align: center; font-size: 30px; color: #ffffff; --fontsize: 30; line-height: 1.4;\" data-fontsize=\"30\" data-lineheight=\"42px\">\u00danase <span style=\"color: #f09a3e; font-size: 37px;\" data-fusion-font=\"true\"><b>a la comunidad de usuarios <\/b><\/span>que actualmente disfruta de SEDUCA<\/h3>\n<\/div><div class=\"fusion-sep-clear\"><\/div><div class=\"fusion-separator fusion-full-width-sep\" style=\"margin-left: auto;margin-right: auto;margin-top:-25px;width:100%;\"><\/div><div class=\"fusion-sep-clear\"><\/div><div class=\"fusion-text fusion-text-3\" style=\"--awb-text-transform:capitalize;--awb-user-select:all;--awb-text-font-family:&quot;Roboto&quot;;--awb-text-font-style:normal;--awb-text-font-weight:400;\"><p style=\"text-align: center; font-size: 20px; color: rgb(119, 119, 119); font-family: Roboto; font-weight: 600;\" data-fusion-font=\"true\" data-fusion-google-font=\"Roboto\" data-fusion-google-variant=\"600\">Forme parte de la soluci\u00f3n SEDUCA para mejorar la gesti\u00f3n de su centro educativo.<\/p>\n<\/div><div class=\"fusion-sep-clear\"><\/div><div class=\"fusion-separator fusion-full-width-sep\" style=\"margin-left: auto;margin-right: auto;margin-top:15px;width:100%;\"><\/div><div class=\"fusion-sep-clear\"><\/div><div class=\"fusion-aligncenter\"><a class=\"fusion-button button-flat button-small button-orange fusion-button-orange button-2 fusion-button-span-no\" target=\"_self\" href=\"https:\/\/www.gseducativas.com\/es\/schedule-a-demo\/\"><span class=\"fusion-button-text awb-button__text awb-button__text--default\">PROGRAME UNA DEMO<\/span><\/a><\/div><div class=\"fusion-clearfix\"><\/div><\/div><\/div><\/div><\/div>\n<\/p>","protected":false},"excerpt":{"rendered":"","protected":false},"author":1,"featured_media":0,"parent":0,"menu_order":0,"comment_status":"closed","ping_status":"closed","template":"","meta":{"_acf_changed":false,"footnotes":""},"class_list":["post-3270","page","type-page","status-publish","hentry"],"acf":[],"aioseo_notices":[],"_links":{"self":[{"href":"https:\/\/www.gseducativas.com\/es\/wp-json\/wp\/v2\/pages\/3270","targetHints":{"allow":["GET"]}}],"collection":[{"href":"https:\/\/www.gseducativas.com\/es\/wp-json\/wp\/v2\/pages"}],"about":[{"href":"https:\/\/www.gseducativas.com\/es\/wp-json\/wp\/v2\/types\/page"}],"author":[{"embeddable":true,"href":"https:\/\/www.gseducativas.com\/es\/wp-json\/wp\/v2\/users\/1"}],"replies":[{"embeddable":true,"href":"https:\/\/www.gseducativas.com\/es\/wp-json\/wp\/v2\/comments?post=3270"}],"version-history":[{"count":3,"href":"https:\/\/www.gseducativas.com\/es\/wp-json\/wp\/v2\/pages\/3270\/revisions"}],"predecessor-version":[{"id":3908,"href":"https:\/\/www.gseducativas.com\/es\/wp-json\/wp\/v2\/pages\/3270\/revisions\/3908"}],"wp:attachment":[{"href":"https:\/\/www.gseducativas.com\/es\/wp-json\/wp\/v2\/media?parent=3270"}],"curies":[{"name":"wp","href":"https:\/\/api.w.org\/{rel}","templated":true}]}}