{"id":3284,"date":"2020-04-20T07:48:35","date_gmt":"2020-04-20T07:48:35","guid":{"rendered":"http:\/\/www.gseducativas.com\/?page_id=3284"},"modified":"2025-02-19T18:39:43","modified_gmt":"2025-02-19T18:39:43","slug":"administrative-services","status":"publish","type":"page","link":"https:\/\/www.gseducativas.com\/es\/administrative-services\/","title":{"rendered":"Servicios Administrativos"},"content":{"rendered":"<p><div class=\"fusion-fullwidth fullwidth-box fusion-builder-row-1 nonhundred-percent-fullwidth non-hundred-percent-height-scrolling\" style=\"--awb-border-radius-top-left:0px;--awb-border-radius-top-right:0px;--awb-border-radius-bottom-right:0px;--awb-border-radius-bottom-left:0px;--awb-flex-wrap:wrap;\" ><div class=\"fusion-builder-row fusion-row\"><div class=\"fusion-layout-column fusion_builder_column fusion-builder-column-0 fusion_builder_column_1_1 1_1 fusion-one-full fusion-column-first fusion-column-last\" style=\"--awb-bg-size:cover;\"><div class=\"fusion-column-wrapper fusion-column-has-shadow fusion-flex-column-wrapper-legacy\"><div class=\"fusion-section-separator section-separator bigtriangle fusion-section-separator-1\" style=\"--awb-spacer-height:99px;--awb-svg-margin-left:0;--awb-svg-margin-right:0;--awb-divider-height:99px;--awb-spacer-padding-top:inherit;--awb-sep-padding:0;--awb-svg-padding:0;\"><div class=\"fusion-section-separator-svg\"><svg class=\"fusion-big-triangle-candy\" xmlns=\"http:\/\/www.w3.org\/2000\/svg\" version=\"1.1\" width=\"100%\" height=\"100\" viewbox=\"0 0 100 100\" preserveaspectratio=\"none\" fill=\"rgba(249,234,212,0.55)\"><path d=\"M-1 -1 L50 99 L101 -1 Z\"><\/path><\/svg><\/div><div class=\"fusion-section-separator-spacer\"><div class=\"fusion-section-separator-spacer-height\"><\/div><\/div><\/div><div class=\"fusion-text fusion-text-1\" style=\"--awb-text-transform:none;--awb-text-font-family:&quot;Roboto&quot;;--awb-text-font-style:normal;--awb-text-font-weight:400;\"><p>La visi\u00f3n desde los ojos de un administrador es muy amplia, por lo que SEDUCA se ajusta a estos requerimientos dotando al centro educativo de una serie de m\u00f3dulos que le permitir\u00edan gestionar de mejor manera el centro educativo, como un m\u00f3dulo de recursos humanos muy robusto que incluye m\u00f3dulos de evaluaciones para docentes as\u00ed como evaluaciones por competencias administrativas, un m\u00f3dulo para el proceso de admisi\u00f3n en l\u00ednea, procesos de inscripci\u00f3n en l\u00ednea, posibilidad de crear asignaturas con diferentes grados de complejidad, un formulario robusto para el manejo de los datos de los estudiantes, el cual se alimenta de los diversos m\u00f3dulos que les dan atenci\u00f3n, como son: apoyos educativos, conducta, extracurriculares, enfermer\u00eda, cada uno de ellos trabajados directamente por profesionales de cada \u00e1rea. Por otro lado, m\u00f3dulos completos para que el centro educativo pueda brindar servicios como gesti\u00f3n de transporte, gesti\u00f3n de cafeter\u00eda, gesti\u00f3n de biblioteca, gesti\u00f3n financiera, tambi\u00e9n extracurriculares y tutor\u00edas, anuarios, impresi\u00f3n de carnets. Asimismo, visi\u00f3n a trav\u00e9s de informes acad\u00e9micos, entre muchos otros.<\/p>\n<\/div><div class=\"fusion-button-wrapper fusion-aligncenter\"><a class=\"fusion-button button-flat button-small button-default fusion-button-default button-1 fusion-button-span-no fusion-button-default-type\" target=\"_self\" href=\"http:\/\/www.gseducativas.com\/es\/features\/\"><span class=\"fusion-button-icon-divider button-icon-divider-left\"><i class=\"fa-arrow-left fas awb-button__icon awb-button__icon--default\" aria-hidden=\"true\"><\/i><\/span><span class=\"fusion-button-text awb-button__text awb-button__text--default fusion-button-text-left\">Regresar<\/span><\/a><\/div><div class=\"fusion-section-separator section-separator bigtriangle fusion-section-separator-2\" style=\"--awb-spacer-height:99px;--awb-svg-margin-left:0;--awb-svg-margin-right:0;--awb-divider-height:99px;--awb-spacer-padding-top:inherit;--awb-sep-padding:0;--awb-svg-padding:0;\"><div class=\"fusion-section-separator-svg\"><svg class=\"fusion-big-triangle-candy\" xmlns=\"http:\/\/www.w3.org\/2000\/svg\" version=\"1.1\" width=\"100%\" height=\"100\" viewbox=\"0 0 100 100\" preserveaspectratio=\"none\" fill=\"rgba(249,234,212,0.55)\"><path d=\"M-1 -1 L50 99 L101 -1 Z\"><\/path><\/svg><\/div><div class=\"fusion-section-separator-spacer\"><div class=\"fusion-section-separator-spacer-height\"><\/div><\/div><\/div><div class=\"fusion-clearfix\"><\/div><\/div><\/div><\/div><\/div><div class=\"fusion-fullwidth fullwidth-box fusion-builder-row-2 nonhundred-percent-fullwidth non-hundred-percent-height-scrolling\" style=\"--awb-background-position:left top;--awb-border-sizes-top:0px;--awb-border-sizes-bottom:0px;--awb-border-sizes-left:0px;--awb-border-sizes-right:0px;--awb-border-radius-top-left:0px;--awb-border-radius-top-right:0px;--awb-border-radius-bottom-right:0px;--awb-border-radius-bottom-left:0px;--awb-padding-top:0px;--awb-padding-right:0px;--awb-padding-bottom:0px;--awb-padding-left:0px;--awb-background-color:#333c4e;--awb-flex-wrap:wrap;\" ><div class=\"fusion-builder-row fusion-row\"><div class=\"fusion-layout-column fusion_builder_column fusion-builder-column-1 fusion_builder_column_1_1 1_1 fusion-one-full fusion-column-first fusion-column-last fusion-column-no-min-height\" style=\"--awb-padding-top:0PX;--awb-padding-right:5%;--awb-padding-bottom:0PX;--awb-padding-left:5%;--awb-bg-color:#333c4e;--awb-bg-color-hover:#333c4e;--awb-bg-size:cover;--awb-margin-top:4%;--awb-margin-bottom:3%;\"><div class=\"fusion-column-wrapper fusion-column-has-shadow fusion-flex-column-wrapper-legacy\"><div class=\"fusion-text fusion-text-2\"><h3 class=\"\" style=\"text-align: center; font-size: 30px; color: #ffffff; --fontsize: 30; line-height: 1.4;\" data-fontsize=\"30\" data-lineheight=\"42px\">\u00danase <span style=\"color: #f09a3e; font-size: 37px;\" data-fusion-font=\"true\"><b>a la comunidad de usuarios <\/b><\/span>que actualmente disfruta de SEDUCA<\/h3>\n<\/div><div class=\"fusion-sep-clear\"><\/div><div class=\"fusion-separator fusion-full-width-sep\" style=\"margin-left: auto;margin-right: auto;margin-top:-25px;width:100%;\"><\/div><div class=\"fusion-sep-clear\"><\/div><div class=\"fusion-text fusion-text-3\" style=\"--awb-text-transform:capitalize;--awb-user-select:all;--awb-text-font-family:&quot;Roboto&quot;;--awb-text-font-style:normal;--awb-text-font-weight:400;\"><p style=\"text-align: center; font-size: 20px; color: rgb(119, 119, 119); font-family: Roboto; font-weight: 600;\" data-fusion-font=\"true\" data-fusion-google-font=\"Roboto\" data-fusion-google-variant=\"600\">Forme parte de la soluci\u00f3n SEDUCA para mejorar la gesti\u00f3n de su centro educativo.<\/p>\n<\/div><div class=\"fusion-sep-clear\"><\/div><div class=\"fusion-separator fusion-full-width-sep\" style=\"margin-left: auto;margin-right: auto;margin-top:15px;width:100%;\"><\/div><div class=\"fusion-sep-clear\"><\/div><div class=\"fusion-button-wrapper fusion-aligncenter\"><a class=\"fusion-button button-flat button-small button-orange fusion-button-orange button-2 fusion-button-span-no\" target=\"_self\" href=\"https:\/\/www.gseducativas.com\/es\/schedule-a-demo\/\"><span class=\"fusion-button-text awb-button__text awb-button__text--default\">PROGRAME UNA DEMO<\/span><\/a><\/div><div class=\"fusion-clearfix\"><\/div><\/div><\/div><\/div><\/div>\n<\/p>","protected":false},"excerpt":{"rendered":"","protected":false},"author":1,"featured_media":0,"parent":0,"menu_order":0,"comment_status":"closed","ping_status":"closed","template":"100-width.php","meta":{"_acf_changed":false,"footnotes":""},"class_list":["post-3284","page","type-page","status-publish","hentry"],"acf":[],"aioseo_notices":[],"_links":{"self":[{"href":"https:\/\/www.gseducativas.com\/es\/wp-json\/wp\/v2\/pages\/3284","targetHints":{"allow":["GET"]}}],"collection":[{"href":"https:\/\/www.gseducativas.com\/es\/wp-json\/wp\/v2\/pages"}],"about":[{"href":"https:\/\/www.gseducativas.com\/es\/wp-json\/wp\/v2\/types\/page"}],"author":[{"embeddable":true,"href":"https:\/\/www.gseducativas.com\/es\/wp-json\/wp\/v2\/users\/1"}],"replies":[{"embeddable":true,"href":"https:\/\/www.gseducativas.com\/es\/wp-json\/wp\/v2\/comments?post=3284"}],"version-history":[{"count":3,"href":"https:\/\/www.gseducativas.com\/es\/wp-json\/wp\/v2\/pages\/3284\/revisions"}],"predecessor-version":[{"id":3909,"href":"https:\/\/www.gseducativas.com\/es\/wp-json\/wp\/v2\/pages\/3284\/revisions\/3909"}],"wp:attachment":[{"href":"https:\/\/www.gseducativas.com\/es\/wp-json\/wp\/v2\/media?parent=3284"}],"curies":[{"name":"wp","href":"https:\/\/api.w.org\/{rel}","templated":true}]}}