{"id":6652,"date":"2026-04-14T14:50:06","date_gmt":"2026-04-14T14:50:06","guid":{"rendered":"https:\/\/www.gseducativas.com\/?page_id=6652"},"modified":"2026-04-14T16:18:29","modified_gmt":"2026-04-14T16:18:29","slug":"commercial-partners","status":"publish","type":"page","link":"https:\/\/www.gseducativas.com\/es\/commercial-partners\/","title":{"rendered":"Socios Comerciales"},"content":{"rendered":"<p><div class=\"fusion-fullwidth fullwidth-box fusion-builder-row-1 fusion-flex-container has-pattern-background has-mask-background nonhundred-percent-fullwidth non-hundred-percent-height-scrolling gradient-container-1\" style=\"--awb-border-radius-top-left:0px;--awb-border-radius-top-right:0px;--awb-border-radius-bottom-right:0px;--awb-border-radius-bottom-left:0px;--awb-flex-wrap:wrap;\" ><div class=\"fusion-builder-row fusion-row fusion-flex-align-items-flex-start fusion-flex-content-wrap\" style=\"max-width:1216.8px;margin-left: calc(-4% \/ 2 );margin-right: calc(-4% \/ 2 );\"><div class=\"fusion-layout-column fusion_builder_column fusion-builder-column-0 fusion_builder_column_1_1 1_1 fusion-flex-column\" style=\"--awb-bg-size:cover;--awb-width-large:100%;--awb-margin-top-large:0px;--awb-spacing-right-large:1.92%;--awb-margin-bottom-large:20px;--awb-spacing-left-large:1.92%;--awb-width-medium:100%;--awb-order-medium:0;--awb-spacing-right-medium:1.92%;--awb-spacing-left-medium:1.92%;--awb-width-small:100%;--awb-order-small:0;--awb-spacing-right-small:1.92%;--awb-spacing-left-small:1.92%;\"><div class=\"fusion-column-wrapper fusion-column-has-shadow fusion-flex-justify-content-flex-start fusion-content-layout-column\"><div class=\"fusion-text fusion-text-1\"><p style=\"text-align: justify;\">La red global de socios comerciales de SEDUCA impulsa la expansi\u00f3n de soluciones innovadoras de educaci\u00f3n digital en m\u00faltiples regiones. A trav\u00e9s de alianzas estrat\u00e9gicas en cada pa\u00eds, SEDUCA colabora con socios locales de confianza para llevar su plataforma educativa integral a instituciones, docentes y comunidades acad\u00e9micas.\n\nNuestros socios comerciales combinan un profundo conocimiento del mercado con la tecnolog\u00eda avanzada de SEDUCA para garantizar una implementaci\u00f3n exitosa, una adopci\u00f3n efectiva y un crecimiento institucional sostenible a largo plazo. Este enfoque localizado permite que escuelas, colegios y universidades optimicen sus operaciones, mejoren la experiencia de aprendizaje y lideren la transformaci\u00f3n digital en la educaci\u00f3n.\n\nExplora nuestros socios comerciales por pa\u00eds y descubre c\u00f3mo SEDUCA est\u00e1 impulsando a las instituciones educativas a nivel global con soluciones tecnol\u00f3gicas escalables, seguras y preparadas para el futuro.<\/p>\n<p style=\"text-align: justify;\">Our commercial partners combine deep market knowledge with SEDUCA\u2019s advanced technology to support successful implementation, adoption, and long-term institutional growth. This localized approach ensures that schools, colleges, and universities can optimize operations, enhance learning experiences, and drive digital transformation in education.<\/p>\n<p style=\"text-align: justify;\">Explore our commercial partners by country and discover how SEDUCA is empowering institutions worldwide through scalable, secure, and future-ready education technology solutions.<\/p>\n<\/div><\/div><\/div><div class=\"fusion-layout-column fusion_builder_column fusion-builder-column-1 fusion_builder_column_1_1 1_1 fusion-flex-column\" style=\"--awb-bg-size:cover;--awb-width-large:100%;--awb-margin-top-large:0px;--awb-spacing-right-large:1.92%;--awb-margin-bottom-large:20px;--awb-spacing-left-large:1.92%;--awb-width-medium:100%;--awb-order-medium:0;--awb-spacing-right-medium:1.92%;--awb-spacing-left-medium:1.92%;--awb-width-small:100%;--awb-order-small:0;--awb-spacing-right-small:1.92%;--awb-spacing-left-small:1.92%;\"><div class=\"fusion-column-wrapper fusion-column-has-shadow fusion-flex-justify-content-flex-start fusion-content-layout-column\"><div style=\"--awb-alignment:center;\" class=\"awb-image-hotspots awb-image-hotspots-1\"><div class=\"awb-image-hotspots-wrapper\"><img decoding=\"async\" src=\"https:\/\/www.gseducativas.com\/wp-content\/uploads\/2026\/04\/414174071_d144639e-b158-4ef4-a362-162deb2aa1ac-scaled.jpg\" data-orig-src=\"https:\/\/www.gseducativas.com\/wp-content\/uploads\/2026\/04\/414174071_d144639e-b158-4ef4-a362-162deb2aa1ac-1024x691.jpg\" alt=\"414174071_d144639e-b158-4ef4-a362-162deb2aa1ac\" width=\"1024\" height=\"691\" title=\"414174071_d144639e-b158-4ef4-a362-162deb2aa1ac\" class=\"lazyload awb-image-hotspots-image wp-image-6655\" srcset=\"data:image\/svg+xml,%3Csvg%20xmlns%3D%27http%3A%2F%2Fwww.w3.org%2F2000%2Fsvg%27%20width%3D%272560%27%20height%3D%271726%27%20viewBox%3D%270%200%202560%201726%27%3E%3Crect%20width%3D%272560%27%20height%3D%271726%27%20fill-opacity%3D%220%22%2F%3E%3C%2Fsvg%3E\" data-srcset=\"https:\/\/www.gseducativas.com\/wp-content\/uploads\/2026\/04\/414174071_d144639e-b158-4ef4-a362-162deb2aa1ac-18x12.jpg 18w, https:\/\/www.gseducativas.com\/wp-content\/uploads\/2026\/04\/414174071_d144639e-b158-4ef4-a362-162deb2aa1ac-200x135.jpg 200w, https:\/\/www.gseducativas.com\/wp-content\/uploads\/2026\/04\/414174071_d144639e-b158-4ef4-a362-162deb2aa1ac-300x202.jpg 300w, https:\/\/www.gseducativas.com\/wp-content\/uploads\/2026\/04\/414174071_d144639e-b158-4ef4-a362-162deb2aa1ac-400x270.jpg 400w, https:\/\/www.gseducativas.com\/wp-content\/uploads\/2026\/04\/414174071_d144639e-b158-4ef4-a362-162deb2aa1ac-600x405.jpg 600w, https:\/\/www.gseducativas.com\/wp-content\/uploads\/2026\/04\/414174071_d144639e-b158-4ef4-a362-162deb2aa1ac-768x518.jpg 768w, https:\/\/www.gseducativas.com\/wp-content\/uploads\/2026\/04\/414174071_d144639e-b158-4ef4-a362-162deb2aa1ac-800x539.jpg 800w, https:\/\/www.gseducativas.com\/wp-content\/uploads\/2026\/04\/414174071_d144639e-b158-4ef4-a362-162deb2aa1ac-1024x691.jpg 1024w, https:\/\/www.gseducativas.com\/wp-content\/uploads\/2026\/04\/414174071_d144639e-b158-4ef4-a362-162deb2aa1ac-1200x809.jpg 1200w, https:\/\/www.gseducativas.com\/wp-content\/uploads\/2026\/04\/414174071_d144639e-b158-4ef4-a362-162deb2aa1ac-1536x1036.jpg 1536w, https:\/\/www.gseducativas.com\/wp-content\/uploads\/2026\/04\/414174071_d144639e-b158-4ef4-a362-162deb2aa1ac-scaled.jpg 2560w\" data-sizes=\"auto\" data-orig-sizes=\"(max-width: 2560px) 100vw, 2560px\"\/><a style=\"--awb-hotspot-text-color:rgba(0,0,0,0);--awb-hotspot-background-color:rgba(255,255,255,0);--awb-hotspot-hover-text-color:rgba(0,0,0,0);--awb-hotspot-hover-background-color:rgba(226,226,226,0);--awb-pos-x:41.0%;--awb-pos-y:78.3%;\" class=\"awb-image-hotspots-hotspot awb-image-hotspots-hotspot-1\" href=\"#\" target=\"_blank\"> Costa Rica<\/a><a style=\"--awb-hotspot-text-color:rgba(0,0,0,0);--awb-hotspot-background-color:rgba(255,255,255,0);--awb-hotspot-hover-text-color:rgba(0,0,0,0);--awb-hotspot-hover-background-color:rgba(226,226,226,0);--awb-pos-x:36.5%;--awb-pos-y:61.2%;\" class=\"awb-image-hotspots-hotspot awb-image-hotspots-hotspot-2\" href=\"#\" target=\"_blank\"> Honduras<\/a><a style=\"--awb-hotspot-text-color:rgba(0,0,0,0);--awb-hotspot-background-color:rgba(255,255,255,0);--awb-hotspot-hover-text-color:rgba(0,0,0,0);--awb-hotspot-hover-background-color:rgba(226,226,226,0);--awb-pos-x:72.3%;--awb-pos-y:47.8%;\" class=\"awb-image-hotspots-hotspot awb-image-hotspots-hotspot-3\" href=\"#\" target=\"_blank\"> Rep. Dom.<\/a><a style=\"--awb-hotspot-text-color:rgba(0,0,0,0);--awb-hotspot-background-color:rgba(255,255,255,0);--awb-hotspot-hover-text-color:rgba(0,0,0,0);--awb-hotspot-hover-background-color:rgba(226,226,226,0);--awb-pos-x:25%;--awb-pos-y:61.8%;\" class=\"awb-image-hotspots-hotspot awb-image-hotspots-hotspot-4\" href=\"#\" target=\"_blank\"> Guatemala<\/a><a style=\"--awb-hotspot-text-color:rgba(0,0,0,0);--awb-hotspot-background-color:rgba(255,255,255,0);--awb-hotspot-hover-text-color:rgba(0,0,0,0);--awb-hotspot-hover-background-color:rgba(226,226,226,0);--awb-pos-x:49.4%;--awb-pos-y:83.7%;\" class=\"awb-image-hotspots-hotspot awb-image-hotspots-hotspot-5\" href=\"#\" target=\"_blank\"> Panama<\/a><\/div><\/div><\/div><\/div><\/div><\/div><div class=\"fusion-fullwidth fullwidth-box fusion-builder-row-2 fusion-flex-container has-pattern-background has-mask-background nonhundred-percent-fullwidth non-hundred-percent-height-scrolling gradient-container-2\" style=\"--awb-border-radius-top-left:0px;--awb-border-radius-top-right:0px;--awb-border-radius-bottom-right:0px;--awb-border-radius-bottom-left:0px;--awb-flex-wrap:wrap;\" ><div class=\"fusion-builder-row fusion-row fusion-flex-align-items-flex-start fusion-flex-content-wrap\" style=\"max-width:1216.8px;margin-left: calc(-4% \/ 2 );margin-right: calc(-4% \/ 2 );\"><\/div><\/div><div class=\"fusion-fullwidth fullwidth-box fusion-builder-row-3 fusion-flex-container has-pattern-background has-mask-background nonhundred-percent-fullwidth non-hundred-percent-height-scrolling gradient-container-3\" style=\"--awb-border-radius-top-left:0px;--awb-border-radius-top-right:0px;--awb-border-radius-bottom-right:0px;--awb-border-radius-bottom-left:0px;--awb-flex-wrap:wrap;\" ><div class=\"fusion-builder-row fusion-row fusion-flex-align-items-flex-start fusion-flex-content-wrap\" style=\"max-width:1216.8px;margin-left: calc(-4% \/ 2 );margin-right: calc(-4% \/ 2 );\"><div class=\"fusion-layout-column fusion_builder_column fusion-builder-column-2 fusion_builder_column_1_2 1_2 fusion-flex-column\" style=\"--awb-bg-size:cover;--awb-width-large:50%;--awb-margin-top-large:0px;--awb-spacing-right-large:3.84%;--awb-margin-bottom-large:20px;--awb-spacing-left-large:3.84%;--awb-width-medium:100%;--awb-order-medium:0;--awb-spacing-right-medium:1.92%;--awb-spacing-left-medium:1.92%;--awb-width-small:100%;--awb-order-small:0;--awb-spacing-right-small:1.92%;--awb-spacing-left-small:1.92%;\"><div class=\"fusion-column-wrapper fusion-column-has-shadow fusion-flex-justify-content-flex-start fusion-content-layout-column\"><div style=\"text-align:center;\"><a class=\"fusion-button button-flat button-medium button-default fusion-button-default button-1 fusion-button-default-span fusion-button-default-type\" style=\"--awb-margin-top:30px;--awb-margin-bottom:30px;\" target=\"_self\" href=\"https:\/\/www.gseducativas.com\/es\/partners\/\"><span class=\"fusion-button-icon-divider button-icon-divider-left\"><i class=\"fa-arrow-alt-circle-left fas awb-button__icon awb-button__icon--default\" aria-hidden=\"true\"><\/i><\/span><span class=\"fusion-button-text awb-button__text awb-button__text--default fusion-button-text-left\">Anterior<\/span><\/a><\/div><\/div><\/div><div class=\"fusion-layout-column fusion_builder_column fusion-builder-column-3 fusion_builder_column_1_2 1_2 fusion-flex-column\" style=\"--awb-bg-size:cover;--awb-width-large:50%;--awb-margin-top-large:0px;--awb-spacing-right-large:3.84%;--awb-margin-bottom-large:20px;--awb-spacing-left-large:3.84%;--awb-width-medium:100%;--awb-order-medium:0;--awb-spacing-right-medium:1.92%;--awb-spacing-left-medium:1.92%;--awb-width-small:100%;--awb-order-small:0;--awb-spacing-right-small:1.92%;--awb-spacing-left-small:1.92%;\"><div class=\"fusion-column-wrapper fusion-column-has-shadow fusion-flex-justify-content-flex-start fusion-content-layout-column\"><div style=\"text-align:center;\"><a class=\"fusion-button button-flat button-medium button-default fusion-button-default button-2 fusion-button-default-span fusion-button-default-type\" style=\"--awb-margin-top:30px;--awb-margin-bottom:30px;\" target=\"_self\" href=\"https:\/\/www.gseducativas.com\/es\/contact-us\/\"><span class=\"fusion-button-text awb-button__text awb-button__text--default fusion-button-text-right\">Cont\u00e1ctenos<\/span><span class=\"fusion-button-icon-divider button-icon-divider-right\"><i class=\"fa-arrow-alt-circle-right fas awb-button__icon awb-button__icon--default\" aria-hidden=\"true\"><\/i><\/span><\/a><\/div><\/div><\/div><\/div><\/div><\/p>","protected":false},"excerpt":{"rendered":"","protected":false},"author":1,"featured_media":6653,"parent":0,"menu_order":0,"comment_status":"closed","ping_status":"closed","template":"","meta":{"footnotes":""},"class_list":["post-6652","page","type-page","status-publish","has-post-thumbnail","hentry"],"yoast_head":"<!-- This site is optimized with the Yoast SEO plugin v27.4 - https:\/\/yoast.com\/product\/yoast-seo-wordpress\/ -->\n<title>Commercial Partners - SEDUCA<\/title>\n<meta name=\"robots\" content=\"index, follow, max-snippet:-1, max-image-preview:large, max-video-preview:-1\" \/>\n<link rel=\"canonical\" href=\"https:\/\/www.gseducativas.com\/es\/commercial-partners\/\" \/>\n<meta property=\"og:locale\" content=\"es_ES\" \/>\n<meta property=\"og:type\" content=\"article\" \/>\n<meta property=\"og:title\" content=\"Commercial Partners - SEDUCA\" \/>\n<meta property=\"og:url\" content=\"https:\/\/www.gseducativas.com\/es\/commercial-partners\/\" \/>\n<meta property=\"og:site_name\" content=\"SEDUCA\" \/>\n<meta property=\"article:modified_time\" content=\"2026-04-14T16:18:29+00:00\" \/>\n<meta property=\"og:image\" content=\"https:\/\/www.gseducativas.com\/wp-content\/uploads\/2026\/04\/two-silhouettes-shaking-hands-against-digital-globe-backdrop-symbolizing-global-business-connections-scaled.jpg\" \/>\n\t<meta property=\"og:image:width\" content=\"2560\" \/>\n\t<meta property=\"og:image:height\" content=\"1097\" \/>\n\t<meta property=\"og:image:type\" content=\"image\/jpeg\" \/>\n<meta name=\"twitter:card\" content=\"summary_large_image\" \/>\n<meta name=\"twitter:label1\" content=\"Tiempo de lectura\" \/>\n\t<meta name=\"twitter:data1\" content=\"1 minuto\" \/>\n<script type=\"application\/ld+json\" class=\"yoast-schema-graph\">{\"@context\":\"https:\\\/\\\/schema.org\",\"@graph\":[{\"@type\":\"WebPage\",\"@id\":\"https:\\\/\\\/www.gseducativas.com\\\/commercial-partners\\\/\",\"url\":\"https:\\\/\\\/www.gseducativas.com\\\/commercial-partners\\\/\",\"name\":\"Commercial Partners - SEDUCA\",\"isPartOf\":{\"@id\":\"https:\\\/\\\/www.gseducativas.com\\\/#website\"},\"primaryImageOfPage\":{\"@id\":\"https:\\\/\\\/www.gseducativas.com\\\/commercial-partners\\\/#primaryimage\"},\"image\":{\"@id\":\"https:\\\/\\\/www.gseducativas.com\\\/commercial-partners\\\/#primaryimage\"},\"thumbnailUrl\":\"https:\\\/\\\/www.gseducativas.com\\\/wp-content\\\/uploads\\\/2026\\\/04\\\/two-silhouettes-shaking-hands-against-digital-globe-backdrop-symbolizing-global-business-connections-scaled.jpg\",\"datePublished\":\"2026-04-14T14:50:06+00:00\",\"dateModified\":\"2026-04-14T16:18:29+00:00\",\"breadcrumb\":{\"@id\":\"https:\\\/\\\/www.gseducativas.com\\\/commercial-partners\\\/#breadcrumb\"},\"inLanguage\":\"es\",\"potentialAction\":[{\"@type\":\"ReadAction\",\"target\":[\"https:\\\/\\\/www.gseducativas.com\\\/commercial-partners\\\/\"]}]},{\"@type\":\"ImageObject\",\"inLanguage\":\"es\",\"@id\":\"https:\\\/\\\/www.gseducativas.com\\\/commercial-partners\\\/#primaryimage\",\"url\":\"https:\\\/\\\/www.gseducativas.com\\\/wp-content\\\/uploads\\\/2026\\\/04\\\/two-silhouettes-shaking-hands-against-digital-globe-backdrop-symbolizing-global-business-connections-scaled.jpg\",\"contentUrl\":\"https:\\\/\\\/www.gseducativas.com\\\/wp-content\\\/uploads\\\/2026\\\/04\\\/two-silhouettes-shaking-hands-against-digital-globe-backdrop-symbolizing-global-business-connections-scaled.jpg\",\"width\":2560,\"height\":1097,\"caption\":\"Two silhouettes shaking hands against a digital globe backdrop, symbolizing global business connections.\"},{\"@type\":\"BreadcrumbList\",\"@id\":\"https:\\\/\\\/www.gseducativas.com\\\/commercial-partners\\\/#breadcrumb\",\"itemListElement\":[{\"@type\":\"ListItem\",\"position\":1,\"name\":\"Portada\",\"item\":\"https:\\\/\\\/www.gseducativas.com\\\/\"},{\"@type\":\"ListItem\",\"position\":2,\"name\":\"Commercial Partners\"}]},{\"@type\":\"WebSite\",\"@id\":\"https:\\\/\\\/www.gseducativas.com\\\/#website\",\"url\":\"https:\\\/\\\/www.gseducativas.com\\\/\",\"name\":\"SEDUCA\",\"description\":\"\",\"potentialAction\":[{\"@type\":\"SearchAction\",\"target\":{\"@type\":\"EntryPoint\",\"urlTemplate\":\"https:\\\/\\\/www.gseducativas.com\\\/?s={search_term_string}\"},\"query-input\":{\"@type\":\"PropertyValueSpecification\",\"valueRequired\":true,\"valueName\":\"search_term_string\"}}],\"inLanguage\":\"es\"}]}<\/script>\n<!-- \/ Yoast SEO plugin. -->","yoast_head_json":{"title":"Commercial Partners - SEDUCA","robots":{"index":"index","follow":"follow","max-snippet":"max-snippet:-1","max-image-preview":"max-image-preview:large","max-video-preview":"max-video-preview:-1"},"canonical":"https:\/\/www.gseducativas.com\/es\/commercial-partners\/","og_locale":"es_ES","og_type":"article","og_title":"Commercial Partners - SEDUCA","og_url":"https:\/\/www.gseducativas.com\/es\/commercial-partners\/","og_site_name":"SEDUCA","article_modified_time":"2026-04-14T16:18:29+00:00","og_image":[{"width":2560,"height":1097,"url":"https:\/\/www.gseducativas.com\/wp-content\/uploads\/2026\/04\/two-silhouettes-shaking-hands-against-digital-globe-backdrop-symbolizing-global-business-connections-scaled.jpg","type":"image\/jpeg"}],"twitter_card":"summary_large_image","twitter_misc":{"Tiempo de lectura":"1 minuto"},"schema":{"@context":"https:\/\/schema.org","@graph":[{"@type":"WebPage","@id":"https:\/\/www.gseducativas.com\/commercial-partners\/","url":"https:\/\/www.gseducativas.com\/commercial-partners\/","name":"Commercial Partners - SEDUCA","isPartOf":{"@id":"https:\/\/www.gseducativas.com\/#website"},"primaryImageOfPage":{"@id":"https:\/\/www.gseducativas.com\/commercial-partners\/#primaryimage"},"image":{"@id":"https:\/\/www.gseducativas.com\/commercial-partners\/#primaryimage"},"thumbnailUrl":"https:\/\/www.gseducativas.com\/wp-content\/uploads\/2026\/04\/two-silhouettes-shaking-hands-against-digital-globe-backdrop-symbolizing-global-business-connections-scaled.jpg","datePublished":"2026-04-14T14:50:06+00:00","dateModified":"2026-04-14T16:18:29+00:00","breadcrumb":{"@id":"https:\/\/www.gseducativas.com\/commercial-partners\/#breadcrumb"},"inLanguage":"es","potentialAction":[{"@type":"ReadAction","target":["https:\/\/www.gseducativas.com\/commercial-partners\/"]}]},{"@type":"ImageObject","inLanguage":"es","@id":"https:\/\/www.gseducativas.com\/commercial-partners\/#primaryimage","url":"https:\/\/www.gseducativas.com\/wp-content\/uploads\/2026\/04\/two-silhouettes-shaking-hands-against-digital-globe-backdrop-symbolizing-global-business-connections-scaled.jpg","contentUrl":"https:\/\/www.gseducativas.com\/wp-content\/uploads\/2026\/04\/two-silhouettes-shaking-hands-against-digital-globe-backdrop-symbolizing-global-business-connections-scaled.jpg","width":2560,"height":1097,"caption":"Two silhouettes shaking hands against a digital globe backdrop, symbolizing global business connections."},{"@type":"BreadcrumbList","@id":"https:\/\/www.gseducativas.com\/commercial-partners\/#breadcrumb","itemListElement":[{"@type":"ListItem","position":1,"name":"Portada","item":"https:\/\/www.gseducativas.com\/"},{"@type":"ListItem","position":2,"name":"Commercial Partners"}]},{"@type":"WebSite","@id":"https:\/\/www.gseducativas.com\/#website","url":"https:\/\/www.gseducativas.com\/","name":"SEDUCA","description":"","potentialAction":[{"@type":"SearchAction","target":{"@type":"EntryPoint","urlTemplate":"https:\/\/www.gseducativas.com\/?s={search_term_string}"},"query-input":{"@type":"PropertyValueSpecification","valueRequired":true,"valueName":"search_term_string"}}],"inLanguage":"es"}]}},"_links":{"self":[{"href":"https:\/\/www.gseducativas.com\/es\/wp-json\/wp\/v2\/pages\/6652","targetHints":{"allow":["GET"]}}],"collection":[{"href":"https:\/\/www.gseducativas.com\/es\/wp-json\/wp\/v2\/pages"}],"about":[{"href":"https:\/\/www.gseducativas.com\/es\/wp-json\/wp\/v2\/types\/page"}],"author":[{"embeddable":true,"href":"https:\/\/www.gseducativas.com\/es\/wp-json\/wp\/v2\/users\/1"}],"replies":[{"embeddable":true,"href":"https:\/\/www.gseducativas.com\/es\/wp-json\/wp\/v2\/comments?post=6652"}],"version-history":[{"count":9,"href":"https:\/\/www.gseducativas.com\/es\/wp-json\/wp\/v2\/pages\/6652\/revisions"}],"predecessor-version":[{"id":6666,"href":"https:\/\/www.gseducativas.com\/es\/wp-json\/wp\/v2\/pages\/6652\/revisions\/6666"}],"wp:featuredmedia":[{"embeddable":true,"href":"https:\/\/www.gseducativas.com\/es\/wp-json\/wp\/v2\/media\/6653"}],"wp:attachment":[{"href":"https:\/\/www.gseducativas.com\/es\/wp-json\/wp\/v2\/media?parent=6652"}],"curies":[{"name":"wp","href":"https:\/\/api.w.org\/{rel}","templated":true}]}}